{"id":2109,"date":"2024-12-27T11:06:27","date_gmt":"2024-12-27T11:06:27","guid":{"rendered":"https:\/\/narumiesteticaavanzada.es\/masajes\/"},"modified":"2025-05-22T19:19:11","modified_gmt":"2025-05-22T19:19:11","slug":"masajes","status":"publish","type":"page","link":"https:\/\/narumiesteticaavanzada.es\/en\/masajes\/","title":{"rendered":"Tratamientos"},"content":{"rendered":"<section class=\"header_15_1\" id=\"\" style=\"background-image:url('https:\/\/narumiesteticaavanzada.es\/wp-content\/uploads\/2024\/12\/Bellaction-Duo-Zaragoza.png');\"\r\n    aria-label=\"\" data-block-id=\"69d11eb1a985469d11eb1a9856\" data-block-name=\"acf\/header-15-1\" data-post-id=\"2109\" data-stable-id=\"block_42bc9264e97f89200c7457492f06a8f4\">\r\n    <div class=\"mask\"><\/div>\r\n    <div class=\"container\" data-aos=\"fade-up\">\r\n        <div class=\"row\">\r\n            <div class=\"col \">\r\n                                <h1 class=\"tamano2 color-2-headings-light\">Masajes<\/h1>\r\n                                                <div class=\"texto tamano7 color-2-headings-light\"><p>Con los masajes conseguimos reducir la tensi\u00f3n muscular, mejorar la circulaci\u00f3n y la retenci\u00f3n<br \/>\nde l\u00edquidos, disminuir el estr\u00e9s y la ansiedad, adem\u00e1s de romper grasa y moldear la silueta.<\/p>\n<\/div>\r\n                            <\/div>\r\n        <\/div>\r\n    <\/div>\r\n<\/section>\r\n<style>\r\n    .header_15_1 .col {\r\n        max-width: 895px;\r\n    }\r\n\r\n    .header_15_1 .mask {\r\n        \/* background: rgba(255, 255, 255, 0.50); *\/\r\n        background: rgba(18, 18, 18, 0.50);\r\n        position: absolute;\r\n        top: 0;\r\n        left: 0;\r\n        width: 100%;\r\n        height: 100%;\r\n    }\r\n\r\n    .header_15_1 h1 {\r\n        padding-bottom: 25px;\r\n    }\r\n\r\n    .header_15_1 {\r\n        position: relative;\r\n        min-height: 500px;\r\n        background-position: center;\r\n        background-repeat: no-repeat;\r\n        background-size: cover;\r\n        padding: 150px 0;\r\n        display: flex;\r\n        align-items: center;\r\n        padding-top: 195px\r\n    }\r\n\r\n    .header_15_1-center {\r\n        text-align: center;\r\n        margin: 0 auto;\r\n    }\r\n\r\n    @media (max-width:992px) {\r\n        .header_15_1 {\r\n            padding: 100px 0;\r\n            min-height: auto;\r\n        }\r\n    }\r\n\r\n    @media (max-width:768px) {\r\n        .header_15_1 h1 {\r\n            line-height: var(--tamano3-line-height);\r\n        }\r\n    }\r\n<\/style>\r\n","protected":false},"excerpt":{"rendered":"","protected":false},"author":2,"featured_media":0,"parent":0,"menu_order":0,"comment_status":"open","ping_status":"closed","template":"","meta":{"_acf_changed":false,"iawp_total_views":1,"footnotes":""},"class_list":["post-2109","page","type-page","status-publish","hentry"],"acf":[],"yoast_head":"<!-- This site is optimized with the Yoast SEO plugin v27.3 - https:\/\/yoast.com\/product\/yoast-seo-wordpress\/ -->\n<title>Tratamientos - Narumi Est\u00e9tica Avanzada &amp; Bienestar<\/title>\n<meta name=\"robots\" content=\"index, follow, max-snippet:-1, max-image-preview:large, max-video-preview:-1\" \/>\n<link rel=\"canonical\" href=\"https:\/\/narumiesteticaavanzada.es\/en\/masajes\/\" \/>\n<meta property=\"og:locale\" content=\"en_US\" \/>\n<meta property=\"og:type\" content=\"article\" \/>\n<meta property=\"og:title\" content=\"Tratamientos - Narumi Est\u00e9tica Avanzada &amp; Bienestar\" \/>\n<meta property=\"og:url\" content=\"https:\/\/narumiesteticaavanzada.es\/en\/masajes\/\" \/>\n<meta property=\"og:site_name\" content=\"Narumi Est\u00e9tica Avanzada &amp; Bienestar\" \/>\n<meta property=\"article:modified_time\" content=\"2025-05-22T19:19:11+00:00\" \/>\n<meta name=\"twitter:card\" content=\"summary_large_image\" \/>\n<!-- \/ Yoast SEO plugin. -->","yoast_head_json":{"title":"Tratamientos - Narumi Est\u00e9tica Avanzada &amp; Bienestar","robots":{"index":"index","follow":"follow","max-snippet":"max-snippet:-1","max-image-preview":"max-image-preview:large","max-video-preview":"max-video-preview:-1"},"canonical":"https:\/\/narumiesteticaavanzada.es\/en\/masajes\/","og_locale":"en_US","og_type":"article","og_title":"Tratamientos - Narumi Est\u00e9tica Avanzada &amp; Bienestar","og_url":"https:\/\/narumiesteticaavanzada.es\/en\/masajes\/","og_site_name":"Narumi Est\u00e9tica Avanzada &amp; Bienestar","article_modified_time":"2025-05-22T19:19:11+00:00","twitter_card":"summary_large_image","schema":{"@context":"https:\/\/schema.org","@graph":[{"@type":"WebPage","@id":"https:\/\/narumiesteticaavanzada.es\/en\/masajes\/","url":"https:\/\/narumiesteticaavanzada.es\/en\/masajes\/","name":"Tratamientos - Narumi Est\u00e9tica Avanzada &amp; Bienestar","isPartOf":{"@id":"https:\/\/narumiesteticaavanzada.es\/en\/#website"},"datePublished":"2024-12-27T11:06:27+00:00","dateModified":"2025-05-22T19:19:11+00:00","breadcrumb":{"@id":"https:\/\/narumiesteticaavanzada.es\/en\/masajes\/#breadcrumb"},"inLanguage":"en-US","potentialAction":[{"@type":"ReadAction","target":["https:\/\/narumiesteticaavanzada.es\/en\/masajes\/"]}]},{"@type":"BreadcrumbList","@id":"https:\/\/narumiesteticaavanzada.es\/en\/masajes\/#breadcrumb","itemListElement":[{"@type":"ListItem","position":1,"name":"Portada","item":"https:\/\/narumiesteticaavanzada.es\/en\/"},{"@type":"ListItem","position":2,"name":"Tratamientos"}]},{"@type":"WebSite","@id":"https:\/\/narumiesteticaavanzada.es\/en\/#website","url":"https:\/\/narumiesteticaavanzada.es\/en\/","name":"Narumi Est\u00e9tica Avanzada &amp; Bienestar","description":"","publisher":{"@id":"https:\/\/narumiesteticaavanzada.es\/en\/#organization"},"potentialAction":[{"@type":"SearchAction","target":{"@type":"EntryPoint","urlTemplate":"https:\/\/narumiesteticaavanzada.es\/en\/?s={search_term_string}"},"query-input":{"@type":"PropertyValueSpecification","valueRequired":true,"valueName":"search_term_string"}}],"inLanguage":"en-US"},{"@type":"Organization","@id":"https:\/\/narumiesteticaavanzada.es\/en\/#organization","name":"Narumi Est\u00e9tica Avanzada &amp; Bienestar","url":"https:\/\/narumiesteticaavanzada.es\/en\/","logo":{"@type":"ImageObject","inLanguage":"en-US","@id":"https:\/\/narumiesteticaavanzada.es\/en\/#\/schema\/logo\/image\/","url":"https:\/\/narumiesteticaavanzada.es\/wp-content\/uploads\/2024\/07\/66a25a5a3b907_668e886258d66_narumi-removebg-preview.png","contentUrl":"https:\/\/narumiesteticaavanzada.es\/wp-content\/uploads\/2024\/07\/66a25a5a3b907_668e886258d66_narumi-removebg-preview.png","width":800,"height":312,"caption":"Narumi Est\u00e9tica Avanzada &amp; Bienestar"},"image":{"@id":"https:\/\/narumiesteticaavanzada.es\/en\/#\/schema\/logo\/image\/"}}]}},"_links":{"self":[{"href":"https:\/\/narumiesteticaavanzada.es\/en\/wp-json\/wp\/v2\/pages\/2109","targetHints":{"allow":["GET"]}}],"collection":[{"href":"https:\/\/narumiesteticaavanzada.es\/en\/wp-json\/wp\/v2\/pages"}],"about":[{"href":"https:\/\/narumiesteticaavanzada.es\/en\/wp-json\/wp\/v2\/types\/page"}],"author":[{"embeddable":true,"href":"https:\/\/narumiesteticaavanzada.es\/en\/wp-json\/wp\/v2\/users\/2"}],"replies":[{"embeddable":true,"href":"https:\/\/narumiesteticaavanzada.es\/en\/wp-json\/wp\/v2\/comments?post=2109"}],"version-history":[{"count":1,"href":"https:\/\/narumiesteticaavanzada.es\/en\/wp-json\/wp\/v2\/pages\/2109\/revisions"}],"predecessor-version":[{"id":2341,"href":"https:\/\/narumiesteticaavanzada.es\/en\/wp-json\/wp\/v2\/pages\/2109\/revisions\/2341"}],"wp:attachment":[{"href":"https:\/\/narumiesteticaavanzada.es\/en\/wp-json\/wp\/v2\/media?parent=2109"}],"curies":[{"name":"wp","href":"https:\/\/api.w.org\/{rel}","templated":true}]}}