{"id":379,"date":"2024-07-25T15:10:00","date_gmt":"2024-07-25T15:10:00","guid":{"rendered":"https:\/\/narumiesteticaavanzada.es\/contacto\/"},"modified":"2025-06-30T14:15:02","modified_gmt":"2025-06-30T14:15:02","slug":"contacto","status":"publish","type":"page","link":"https:\/\/narumiesteticaavanzada.es\/en\/contacto\/","title":{"rendered":"Contacto"},"content":{"rendered":"<section class=\"header_15_1\" id=\"\" style=\"background-image:url('https:\/\/narumiesteticaavanzada.es\/wp-content\/uploads\/2024\/09\/Default_Una_imagen_sobria_y_neutra_de_una_clnica_esttica_avanz_0.jpg');\"\r\n    aria-label=\"\" data-block-id=\"69d11b4ef1e9b69d11b4ef1e9c\" data-block-name=\"acf\/header-15-1\" data-post-id=\"379\" data-stable-id=\"block_30c41f89c134223f7d813bf6964a396a\">\r\n    <div class=\"mask\"><\/div>\r\n    <div class=\"container\" data-aos=\"fade-up\">\r\n        <div class=\"row\">\r\n            <div class=\"col \">\r\n                                <h1 class=\"tamano2 color-2-headings-light\">Narumi Est\u00e9tica<\/h1>\r\n                                                <div class=\"texto tamano7 color-2-headings-light\"><p>Descubre tratamientos avanzados en Narumi Est\u00e9tica Avanzada &amp; Bienestar. Nuestra cl\u00ednica en M\u00e1laga ofrece soluciones personalizadas para tu bienestar y belleza. Conf\u00eda en profesionales de la salud especializados para rejuvenecer tu piel y mejorar tu apariencia. Vis\u00edtanos y mejora tu calidad de vida.<\/p>\n<\/div>\r\n                            <\/div>\r\n        <\/div>\r\n    <\/div>\r\n<\/section>\r\n<style>\r\n    .header_15_1 .col {\r\n        max-width: 895px;\r\n    }\r\n\r\n    .header_15_1 .mask {\r\n        \/* background: rgba(255, 255, 255, 0.50); *\/\r\n        background: rgba(18, 18, 18, 0.50);\r\n        position: absolute;\r\n        top: 0;\r\n        left: 0;\r\n        width: 100%;\r\n        height: 100%;\r\n    }\r\n\r\n    .header_15_1 h1 {\r\n        padding-bottom: 25px;\r\n    }\r\n\r\n    .header_15_1 {\r\n        position: relative;\r\n        min-height: 500px;\r\n        background-position: center;\r\n        background-repeat: no-repeat;\r\n        background-size: cover;\r\n        padding: 150px 0;\r\n        display: flex;\r\n        align-items: center;\r\n        padding-top: 195px\r\n    }\r\n\r\n    .header_15_1-center {\r\n        text-align: center;\r\n        margin: 0 auto;\r\n    }\r\n\r\n    @media (max-width:992px) {\r\n        .header_15_1 {\r\n            padding: 100px 0;\r\n            min-height: auto;\r\n        }\r\n    }\r\n\r\n    @media (max-width:768px) {\r\n        .header_15_1 h1 {\r\n            line-height: var(--tamano3-line-height);\r\n        }\r\n    }\r\n<\/style>\r\n\n\n<section class=\"contacto_form_4_1 background-1-light\" data-block-id=\"69d11b4f0010f69d11b4f00110\" data-block-name=\"acf\/contacto-form-4-1\" data-post-id=\"379\" data-stable-id=\"block_f0c465d3ff3d4c7ca80f30d6e3a322cb\">\r\n    <div class=\"mapa\">\r\n        <iframe src=\"https:\/\/www.google.com\/maps\/embed?pb=!1m18!1m12!1m3!1d3293.5184548627058!2d-4.417036224201594!3d36.728506571737626!2m3!1f0!2f0!3f0!3m2!1i1024!2i768!4f13.1!3m3!1m2!1s0xd72f76b0bf863eb%3A0x476afddf94cca029!2sNarumi%20Est%C3%A9tica%20Avanzada%20%26%20Bienestar!5e1!3m2!1sen!2ses!4v1751292831499!5m2!1sen!2ses\" width=\"600\" height=\"450\" style=\"border:0;\" allowfullscreen=\"\" loading=\"lazy\" referrerpolicy=\"no-referrer-when-downgrade\"><\/iframe>    <\/div>\r\n    <div class=\"container\">\r\n        <div class=\"row\">\r\n            <div class=\"col col-left\">\r\n                                <h2 class=\"tamano3 color-1-headings-dark\">Cont\u00e1ctanos<\/h2>\r\n                                <div class=\"formulario\">\r\n                                        \n<div class=\"wpcf7 no-js\" id=\"wpcf7-f1669-o1\" lang=\"en-US\" dir=\"ltr\" data-wpcf7-id=\"1669\">\n<div class=\"screen-reader-response\"><p role=\"status\" aria-live=\"polite\" aria-atomic=\"true\"><\/p> <ul><\/ul><\/div>\n<form action=\"\/en\/wp-json\/wp\/v2\/pages\/379#wpcf7-f1669-o1\" method=\"post\" class=\"wpcf7-form init\" aria-label=\"Contact form\" novalidate=\"novalidate\" data-status=\"init\">\n<fieldset class=\"hidden-fields-container\"><input type=\"hidden\" name=\"_wpcf7\" value=\"1669\" \/><input type=\"hidden\" name=\"_wpcf7_version\" value=\"6.1.5\" \/><input type=\"hidden\" name=\"_wpcf7_locale\" value=\"en_US\" \/><input type=\"hidden\" name=\"_wpcf7_unit_tag\" value=\"wpcf7-f1669-o1\" \/><input type=\"hidden\" name=\"_wpcf7_container_post\" value=\"0\" \/><input type=\"hidden\" name=\"_wpcf7_posted_data_hash\" value=\"\" \/>\n<\/fieldset>\n<div class=\"formflex w50\">\n\t<p><label>Nombre*<span class=\"wpcf7-form-control-wrap\" data-name=\"nombre\"><input size=\"40\" maxlength=\"400\" class=\"wpcf7-form-control wpcf7-text wpcf7-validates-as-required\" aria-required=\"true\" aria-invalid=\"false\" placeholder=\"Nombre*\" value=\"\" type=\"text\" name=\"nombre\" \/><\/span><\/label><label>Apellidos<span class=\"wpcf7-form-control-wrap\" data-name=\"apellido\"><input size=\"40\" maxlength=\"400\" class=\"wpcf7-form-control wpcf7-text\" aria-invalid=\"false\" placeholder=\"Apellidos\" value=\"\" type=\"text\" name=\"apellido\" \/><\/span><\/label>\n\t<\/p>\n<\/div>\n<div class=\"formflex w100\">\n\t<p><label>Email*<span class=\"wpcf7-form-control-wrap\" data-name=\"email\"><input size=\"40\" maxlength=\"400\" class=\"wpcf7-form-control wpcf7-email wpcf7-validates-as-required wpcf7-text wpcf7-validates-as-email\" aria-required=\"true\" aria-invalid=\"false\" placeholder=\"Email*\" value=\"\" type=\"email\" name=\"email\" \/><\/span><\/label>\n\t<\/p>\n<\/div>\n<div class=\"formflex w100\">\n\t<p><label>Asunto*<span class=\"wpcf7-form-control-wrap\" data-name=\"asunto\"><input size=\"40\" maxlength=\"400\" class=\"wpcf7-form-control wpcf7-text wpcf7-validates-as-required\" aria-required=\"true\" aria-invalid=\"false\" placeholder=\"Asunto*\" value=\"\" type=\"text\" name=\"asunto\" \/><\/span><\/label>\n\t<\/p>\n<\/div>\n<div class=\"formflex w100\">\n\t<p><label>Mensaje*<span class=\"wpcf7-form-control-wrap\" data-name=\"mensaje\"><textarea cols=\"40\" rows=\"10\" maxlength=\"2000\" class=\"wpcf7-form-control wpcf7-textarea wpcf7-validates-as-required\" aria-required=\"true\" aria-invalid=\"false\" placeholder=\"D\u00e9janos tu mensaje\" name=\"mensaje\"><\/textarea><\/span><\/label>\n\t<\/p>\n<\/div>\n<div class=\"aceptacion\">\n\t<p><span class=\"wpcf7-form-control-wrap\" data-name=\"privacidad\"><span class=\"wpcf7-form-control wpcf7-acceptance\"><span class=\"wpcf7-list-item\"><label><input type=\"checkbox\" name=\"privacidad\" value=\"1\" aria-invalid=\"false\" \/><span class=\"wpcf7-list-item-label\">He le\u00eddo y acepto los t\u00e9rminos legales<\/span><\/label><\/span><\/span><\/span><br \/>\n<span class=\"wpcf7-form-control-wrap\" data-name=\"publicidad\"><span class=\"wpcf7-form-control wpcf7-acceptance optional\"><span class=\"wpcf7-list-item\"><label><input type=\"checkbox\" name=\"publicidad\" value=\"1\" aria-invalid=\"false\" \/><span class=\"wpcf7-list-item-label\">Acepto recibir comunicaciones y novedades<\/span><\/label><\/span><\/span><\/span>\n\t<\/p>\n<\/div>\n<p><div class=\"capjs-container wpcf7-form-control-wrap\" data-name=\"cap-token\">\r\n                <cap-widget id=\"cap-widget\" data-cap-api-endpoint=\"https:\/\/narumiesteticaavanzada.es\/wp-json\/cap\/v1\/\"><\/cap-widget>\r\n            <\/div><input class=\"wpcf7-form-control wpcf7-submit has-spinner\" type=\"submit\" value=\"Enviar\" \/>\n<\/p><div class=\"wpcf7-response-output\" aria-hidden=\"true\"><\/div>\n<\/form>\n<\/div>\n                                    <\/div>\r\n            <\/div>\r\n            <div class=\"col col-right\">\r\n                <div class=\"flotante background-1-light\">\r\n                    <div class=\"dato\">\r\n                        <div class=\"titulo-telefono color-1-headings-dark tamano-7-mediumcta\">\r\n                            Phone                        <\/div>\r\n                        <a class=\"boton-4-texto-hover boton-4-texto-normal tamano-7-mediumcta\"\r\n                            href=\"tel: 611 500 328\"> 611 500 328<\/a>\r\n                    <\/div>\r\n                    <div class=\"email\">\r\n                        <div class=\"titulo-telefono color-1-headings-dark tamano-7-mediumcta\">\r\n                            Email                        <\/div>\r\n                        <a class=\"boton-4-texto-hover boton-4-texto-normal tamano-7-mediumcta\"\r\n                            href=\"mailto:narumiesteticaavanzada@gmail.com\">narumiesteticaavanzada@gmail.com<\/a>\r\n                    <\/div>\r\n\r\n                    <div class=\"redes\">\r\n                                                <div class=\"titulo-telefono color-1-headings-dark tamano-7-mediumcta\">\r\n                            Our social media                        <\/div>\r\n                        <div class=\"redescont\">\r\n                                                                                        <a class=\"color-boton-1-hover color-boton-1-normal color-boton-1-texto-normal\"\r\n                                    href=\"https:\/\/www.instagram.com\/narumi_estetica\/\" target=\"_blank\">\r\n                                                                                                                    <svg fill=\"currentColor\"  xmlns=\"http:\/\/www.w3.org\/2000\/svg\" viewBox=\"0 0 448 512\"><!--! Font Awesome Pro 6.7.2 by @fontawesome - https:\/\/fontawesome.com License - https:\/\/fontawesome.com\/license (Commercial License) Copyright 2024 Fonticons, Inc. --><path d=\"M224.1 141c-63.6 0-114.9 51.3-114.9 114.9s51.3 114.9 114.9 114.9S339 319.5 339 255.9 287.7 141 224.1 141zm0 189.6c-41.1 0-74.7-33.5-74.7-74.7s33.5-74.7 74.7-74.7 74.7 33.5 74.7 74.7-33.6 74.7-74.7 74.7zm146.4-194.3c0 14.9-12 26.8-26.8 26.8-14.9 0-26.8-12-26.8-26.8s12-26.8 26.8-26.8 26.8 12 26.8 26.8zm76.1 27.2c-1.7-35.9-9.9-67.7-36.2-93.9-26.2-26.2-58-34.4-93.9-36.2-37-2.1-147.9-2.1-184.9 0-35.8 1.7-67.6 9.9-93.9 36.1s-34.4 58-36.2 93.9c-2.1 37-2.1 147.9 0 184.9 1.7 35.9 9.9 67.7 36.2 93.9s58 34.4 93.9 36.2c37 2.1 147.9 2.1 184.9 0 35.9-1.7 67.7-9.9 93.9-36.2 26.2-26.2 34.4-58 36.2-93.9 2.1-37 2.1-147.8 0-184.8zM398.8 388c-7.8 19.6-22.9 34.7-42.6 42.6-29.5 11.7-99.5 9-132.1 9s-102.7 2.6-132.1-9c-19.6-7.8-34.7-22.9-42.6-42.6-11.7-29.5-9-99.5-9-132.1s-2.6-102.7 9-132.1c7.8-19.6 22.9-34.7 42.6-42.6 29.5-11.7 99.5-9 132.1-9s102.7-2.6 132.1 9c19.6 7.8 34.7 22.9 42.6 42.6 11.7 29.5 9 99.5 9 132.1s2.7 102.7-9 132.1z\"\/><\/svg>                                                                                                            <\/a>\r\n                                                                                                                                                                                                                                                                                                                                                                                                            <a class=\"color-boton-1-hover color-boton-1-normal color-boton-1-texto-normal\"\r\n                                    href=\"mailto:narumiesteticaavanzada@gmail.com\" target=\"_blank\">\r\n                                                                                                                    <svg fill=\"currentColor\"  xmlns=\"http:\/\/www.w3.org\/2000\/svg\" viewBox=\"0 0 512 512\"><!--! Font Awesome Pro 6.7.2 by @fontawesome - https:\/\/fontawesome.com License - https:\/\/fontawesome.com\/license (Commercial License) Copyright 2024 Fonticons, Inc. --><path d=\"M64 112c-8.8 0-16 7.2-16 16l0 22.1L220.5 291.7c20.7 17 50.4 17 71.1 0L464 150.1l0-22.1c0-8.8-7.2-16-16-16L64 112zM48 212.2L48 384c0 8.8 7.2 16 16 16l384 0c8.8 0 16-7.2 16-16l0-171.8L322 328.8c-38.4 31.5-93.7 31.5-132 0L48 212.2zM0 128C0 92.7 28.7 64 64 64l384 0c35.3 0 64 28.7 64 64l0 256c0 35.3-28.7 64-64 64L64 448c-35.3 0-64-28.7-64-64L0 128z\"\/><\/svg>                                                                                                            <\/a>\r\n                                                                                <\/div>\r\n                                            <\/div>\r\n                <\/div>\r\n            <\/div>\r\n        <\/div>\r\n    <\/div>\r\n<\/section>\r\n<style>\r\n    .contacto_form_4_1 .mapa iframe {\r\n        width: 100%;\r\n        height: 100%;\r\n    }\r\n\r\n    .contacto_form_4_1 .flotante svg {}\r\n\r\n    .contacto_form_4_1 label .wpcf7-form-control-wrap {\r\n        display: block;\r\n        padding-top: 5px;\r\n    }\r\n\r\n    .contacto_form_4_1 label {\r\n        color: var(--color-1-headings-dark);\r\n        font-size: var(--tamano-7-mediumcta-font-size);\r\n        font-weight: var(--tamano-7-mediumcta-font-weight);\r\n        line-height: var(--tamano-7-mediumcta-line-height);\r\n        letter-spacing: var(--tamano-7-mediumcta-letter-spacing);\r\n        font-family: var(--tamano-7-mediumcta-font-family);\r\n    }\r\n\r\n    .contacto_form_4_1 .flotante .redescont {\r\n        padding-top: 15px;\r\n        display: flex;\r\n        gap: 20px;\r\n        align-items: center;\r\n        flex-wrap: wrap;\r\n    }\r\n\r\n    .contacto_form_4_1 .flotante .redescont a {\r\n        width: 35px;\r\n        height: 35px;\r\n        border-radius: 50%;\r\n        display: flex;\r\n        align-items: center;\r\n        justify-content: center;\r\n    }\r\n\r\n    .contacto_form_4_1 .flotante .redescont a:hover svg path {\r\n        fill: var(--color-boton-2-texto-hover);\r\n    }\r\n\r\n    .contacto_form_4_1 .flotante .redescont a svg path {\r\n        transition: all ease .3s;\r\n    }\r\n\r\n    .contacto_form_4_1 .flotante .redescont a svg {\r\n        height: 20px;\r\n    }\r\n\r\n    .contacto_form_4_1 .flotante a {\r\n        text-decoration: none;\r\n    }\r\n\r\n    .contacto_form_4_1 .flotante {\r\n        flex-direction: column;\r\n        gap: 35px;\r\n        width: 430px;\r\n        position: absolute;\r\n        bottom: 0;\r\n        right: 50px;\r\n        padding: 40px 50px;\r\n        display: inline-flex;\r\n        border-radius: 4px;\r\n    }\r\n\r\n    .contacto_form_4_1 .col-left .formulario {\r\n        padding-right: 15px;\r\n    }\r\n\r\n    .contacto_form_4_1 .formflex textarea {\r\n        max-height: 125px;\r\n    }\r\n\r\n    .contacto_form_4_1 .formflex label {\r\n        margin-bottom: 25px;\r\n        display: block;\r\n    }\r\n\r\n    .contacto_form_4_1 .formflex textarea,\r\n    .contacto_form_4_1 .formflex input {\r\n        padding: 15px 25px;\r\n        border: 1.5px solid var(--boton-4-texto-normal);\r\n        outline: none;\r\n        font-size: var(--tamano7-font-size);\r\n        font-weight: var(--tamano7-font-weight);\r\n        line-height: var(--tamano7-line-height);\r\n        letter-spacing: var(--tamano7-letter-spacing);\r\n        font-family: var(--tamano7-font-family);\r\n\r\n        color: var(--boton-4-texto-normal);\r\n        border-radius: 3px;\r\n        width: 100%;\r\n    }\r\n\r\n    .contacto_form_4_1 .formflex.w50 p label {\r\n        width: calc(50% - 15px);\r\n    }\r\n\r\n    .contacto_form_4_1 .formflex.w50 p {\r\n        display: flex;\r\n        gap: 30px;\r\n    }\r\n\r\n    .contacto_form_4_1 .wpcf7-submit:hover {\r\n        background-color: var(--color-boton-1 -hover);\r\n        color: var(--color-boton-1-texto-hover);\r\n    }\r\n\r\n    .contacto_form_4_1 .wpcf7-list-item label {\r\n        display: flex;\r\n        align-items: baseline;\r\n        gap: 10px;\r\n    }\r\n\r\n    .contacto_form_4_1 .aceptacion input {\r\n        cursor: pointer;\r\n        background-color: transparent;\r\n        border-radius: 3px;\r\n        position: relative;\r\n        width: 15px;\r\n        height: 15px;\r\n        appearance: none;\r\n        border: 1.5px solid var(--boton-4-texto-normal);\r\n    }\r\n\r\n    .contacto_form_4_1 .wpcf7-list-item :checked {\r\n        background-image: url(\"data:image\/svg+xml,%3csvg viewBox='0 0 16 16' fill='black' xmlns='http:\/\/www.w3.org\/2000\/svg'%3e%3cpath d='M12.207 4.793a1 1 0 010 1.414l-5 5a1 1 0 01-1.414 0l-2-2a1 1 0 011.414-1.414L6.5 9.086l4.293-4.293a1 1 0 011.414 0z'\/%3e%3c\/svg%3e\");\r\n    }\r\n\r\n    .contacto_form_4_1 textarea::placeholder,\r\n    .contacto_form_4_1 input::placeholder {\r\n        color: inherit;\r\n        font-size: inherit;\r\n        font-weight: inherit;\r\n        line-height: inherit;\r\n        letter-spacing: inherit;\r\n        font-family: inherit;\r\n    }\r\n\r\n    .contacto_form_4_1 .wpcf7-list-item {\r\n        margin: 0;\r\n    }\r\n\r\n    .contacto_form_4_1 .wpcf7-submit {\r\n        border: none;\r\n        border: none;\r\n        background: var(--color-boton-1-normal);\r\n        transition: all ease .3s;\r\n        border-radius: 60px;\r\n        color: var(--color-boton-1-texto-normal);\r\n        height: 51px;\r\n        display: flex;\r\n        margin-top: 25px;\r\n        align-items: center;\r\n        justify-content: center;\r\n        width: 210px;\r\n        font-size: var(--tamano6-boldcta-font-size);\r\n        font-weight: var(--tamano6-boldcta-font-weight);\r\n        line-height: var(--tamano6-boldcta-line-height);\r\n        letter-spacing: var(--tamano6-boldcta-letter-spacing);\r\n        font-family: var(--tamano6-boldcta-font-family);\r\n    }\r\n\r\n    .contacto_form_4_1 .mapa {\r\n        position: absolute;\r\n        right: 0;\r\n        width: 50%;\r\n        height: 100%;\r\n        top: 0;\r\n    }\r\n\r\n    .contacto_form_4_1 .row>.col {\r\n        width: 50%;\r\n    }\r\n\r\n    .contacto_form_4_1 .row {\r\n        display: flex;\r\n    }\r\n\r\n    .contacto_form_4_1 h2 {\r\n        padding-bottom: 55px;\r\n    }\r\n\r\n    .contacto_form_4_1 {\r\n        padding: 80px 0;\r\n        position: relative;\r\n    }\r\n\r\n    .contacto_form_4_1 .wpcf7 form .wpcf7-response-output {\r\n        color: var(--color-1-headings-dark);\r\n    }\r\n\r\n    .contacto_form_4_1 .wpcf7 form .wpcf7-response-output,\r\n    .contacto_form_4_1 .wpcf7-not-valid-tip {\r\n        font-size: var(--tamano8-font-size);\r\n        font-weight: var(--tamano8-font-weight);\r\n        line-height: var(--tamano8-line-height);\r\n        letter-spacing: var(--tamano8-letter-spacing);\r\n        font-family: var(--tamano8-font-family);\r\n    }\r\n\r\n    .contacto_form_4_1 .col-form .formulario .flexout .rightform .aceptacion p {\r\n        display: flex;\r\n        flex-direction: column;\r\n    }\r\n\r\n    @media(max-width:1200px) {\r\n        .contacto_form_4_1 .row>.col {\r\n            width: 100%;\r\n        }\r\n\r\n        .contacto_form_4_1 {\r\n            flex-direction: column;\r\n            display: flex;\r\n        }\r\n\r\n        .contacto_form_4_1 .mapa {\r\n            position: relative;\r\n            width: 100%;\r\n            height: 450px;\r\n            margin-bottom: 28px;\r\n        }\r\n\r\n        .contacto_form_4_1 .flotante {\r\n            bottom: -300px;\r\n            left: 0;\r\n        }\r\n\r\n        .contacto_form_4_1 .row {\r\n            flex-direction: column;\r\n        }\r\n\r\n        .contacto_form_4_1 label {\r\n            font-size: var(--tamano-7-mediumcta-font-size-tablet);\r\n        }\r\n\r\n        .contacto_form_4_1 .wpcf7 form .wpcf7-response-output,\r\n        .contacto_form_4_1 .wpcf7-not-valid-tip,\r\n        .contacto_form_4_1 .aceptacion .wpcf7-list-item-label {\r\n            font-size: var(--tamano8-font-size-tablet);\r\n        }\r\n\r\n        .contacto_form_4_1 .formflex textarea,\r\n        .contacto_form_4_1 .formflex input {\r\n            font-size: var(--tamano7-font-size-tablet);\r\n        }\r\n\r\n        .contacto_form_4_1 .col-left .formulario {\r\n            padding-right: 0;\r\n        }\r\n    }\r\n\r\n    @media(max-width:992px) {\r\n        .contacto_form_4_1 {\r\n            padding: 40px 0;\r\n        }\r\n\r\n        .contacto_form_4_1 h2 {\r\n            padding-bottom: 28px;\r\n            text-align: center;\r\n        }\r\n    }\r\n\r\n    @media (max-width:768px) {\r\n        .contacto_form_4_1 .flotante {\r\n            padding: 20px 0;\r\n            width: 100%;\r\n            position: static;\r\n            gap: 19px;\r\n        }\r\n\r\n        .contacto_form_4_1 .formflex label {\r\n            margin-bottom: 18px;\r\n            font-size: calc(var(--tamano7-font-size-mobile) - 4px);\r\n        }\r\n\r\n        .contacto_form_4_1 .formflex.w50 p {\r\n            flex-direction: column;\r\n            gap: 0;\r\n        }\r\n\r\n        .contacto_form_4_1 .row>.col {\r\n            position: relative;\r\n        }\r\n\r\n        .contacto_form_4_1 .wpcf7-not-valid-tip {\r\n            margin-top: 7px;\r\n        }\r\n\r\n        .contacto_form_4_1 .formflex.w50 p label {\r\n            width: 100%;\r\n        }\r\n\r\n        .contacto_form_4_1 .formflex textarea,\r\n        .contacto_form_4_1 .formflex input {\r\n            font-size: calc(var(--tamano7-font-size-mobile) - 4px);\r\n        }\r\n\r\n        .contacto_form_4_1 .wpcf7 form .wpcf7-response-output,\r\n        .contacto_form_4_1 .wpcf7-not-valid-tip,\r\n        .contacto_form_4_1 .aceptacion .wpcf7-list-item-label {\r\n            font-size: var(--tamano8-font-size-mobile);\r\n        }\r\n\r\n        .contacto_form_4_1 label {\r\n            font-size: var(--tamano-7-mediumcta-font-size-mobile);\r\n        }\r\n\r\n        .contacto_form_4_1 .wpcf7-submit {\r\n            font-size: calc(var(--tamano7-font-size-mobile) - 2px);\r\n            max-width: 131px;\r\n            margin: 25px auto 0;\r\n        }\r\n    }\r\n<\/style>\r\n\n\n\n<p><\/p>\n","protected":false},"excerpt":{"rendered":"","protected":false},"author":1,"featured_media":0,"parent":0,"menu_order":4,"comment_status":"open","ping_status":"closed","template":"","meta":{"_acf_changed":false,"iawp_total_views":2,"footnotes":""},"class_list":["post-379","page","type-page","status-publish","hentry"],"acf":[],"yoast_head":"<!-- This site is optimized with the Yoast SEO plugin v27.3 - https:\/\/yoast.com\/product\/yoast-seo-wordpress\/ -->\n<title>Contacto - Narumi Est\u00e9tica Avanzada &amp; Bienestar<\/title>\n<meta name=\"robots\" content=\"index, follow, max-snippet:-1, max-image-preview:large, max-video-preview:-1\" \/>\n<link rel=\"canonical\" href=\"https:\/\/narumiesteticaavanzada.es\/en\/contacto\/\" \/>\n<meta property=\"og:locale\" content=\"en_US\" \/>\n<meta property=\"og:type\" content=\"article\" \/>\n<meta property=\"og:title\" content=\"Contacto - Narumi Est\u00e9tica Avanzada &amp; Bienestar\" \/>\n<meta property=\"og:url\" content=\"https:\/\/narumiesteticaavanzada.es\/en\/contacto\/\" \/>\n<meta property=\"og:site_name\" content=\"Narumi Est\u00e9tica Avanzada &amp; Bienestar\" \/>\n<meta property=\"article:modified_time\" content=\"2025-06-30T14:15:02+00:00\" \/>\n<meta name=\"twitter:card\" content=\"summary_large_image\" \/>\n<!-- \/ Yoast SEO plugin. -->","yoast_head_json":{"title":"Contacto - Narumi Est\u00e9tica Avanzada &amp; Bienestar","robots":{"index":"index","follow":"follow","max-snippet":"max-snippet:-1","max-image-preview":"max-image-preview:large","max-video-preview":"max-video-preview:-1"},"canonical":"https:\/\/narumiesteticaavanzada.es\/en\/contacto\/","og_locale":"en_US","og_type":"article","og_title":"Contacto - Narumi Est\u00e9tica Avanzada &amp; Bienestar","og_url":"https:\/\/narumiesteticaavanzada.es\/en\/contacto\/","og_site_name":"Narumi Est\u00e9tica Avanzada &amp; Bienestar","article_modified_time":"2025-06-30T14:15:02+00:00","twitter_card":"summary_large_image","schema":{"@context":"https:\/\/schema.org","@graph":[{"@type":"WebPage","@id":"https:\/\/narumiesteticaavanzada.es\/en\/contacto\/","url":"https:\/\/narumiesteticaavanzada.es\/en\/contacto\/","name":"Contacto - Narumi Est\u00e9tica Avanzada &amp; Bienestar","isPartOf":{"@id":"https:\/\/narumiesteticaavanzada.es\/en\/#website"},"datePublished":"2024-07-25T15:10:00+00:00","dateModified":"2025-06-30T14:15:02+00:00","breadcrumb":{"@id":"https:\/\/narumiesteticaavanzada.es\/en\/contacto\/#breadcrumb"},"inLanguage":"en-US","potentialAction":[{"@type":"ReadAction","target":["https:\/\/narumiesteticaavanzada.es\/en\/contacto\/"]}]},{"@type":"BreadcrumbList","@id":"https:\/\/narumiesteticaavanzada.es\/en\/contacto\/#breadcrumb","itemListElement":[{"@type":"ListItem","position":1,"name":"Portada","item":"https:\/\/narumiesteticaavanzada.es\/en\/"},{"@type":"ListItem","position":2,"name":"Contacto"}]},{"@type":"WebSite","@id":"https:\/\/narumiesteticaavanzada.es\/en\/#website","url":"https:\/\/narumiesteticaavanzada.es\/en\/","name":"Narumi Est\u00e9tica Avanzada &amp; Bienestar","description":"","publisher":{"@id":"https:\/\/narumiesteticaavanzada.es\/en\/#organization"},"potentialAction":[{"@type":"SearchAction","target":{"@type":"EntryPoint","urlTemplate":"https:\/\/narumiesteticaavanzada.es\/en\/?s={search_term_string}"},"query-input":{"@type":"PropertyValueSpecification","valueRequired":true,"valueName":"search_term_string"}}],"inLanguage":"en-US"},{"@type":"Organization","@id":"https:\/\/narumiesteticaavanzada.es\/en\/#organization","name":"Narumi Est\u00e9tica Avanzada &amp; Bienestar","url":"https:\/\/narumiesteticaavanzada.es\/en\/","logo":{"@type":"ImageObject","inLanguage":"en-US","@id":"https:\/\/narumiesteticaavanzada.es\/en\/#\/schema\/logo\/image\/","url":"https:\/\/narumiesteticaavanzada.es\/wp-content\/uploads\/2024\/07\/66a25a5a3b907_668e886258d66_narumi-removebg-preview.png","contentUrl":"https:\/\/narumiesteticaavanzada.es\/wp-content\/uploads\/2024\/07\/66a25a5a3b907_668e886258d66_narumi-removebg-preview.png","width":800,"height":312,"caption":"Narumi Est\u00e9tica Avanzada &amp; Bienestar"},"image":{"@id":"https:\/\/narumiesteticaavanzada.es\/en\/#\/schema\/logo\/image\/"}}]}},"_links":{"self":[{"href":"https:\/\/narumiesteticaavanzada.es\/en\/wp-json\/wp\/v2\/pages\/379","targetHints":{"allow":["GET"]}}],"collection":[{"href":"https:\/\/narumiesteticaavanzada.es\/en\/wp-json\/wp\/v2\/pages"}],"about":[{"href":"https:\/\/narumiesteticaavanzada.es\/en\/wp-json\/wp\/v2\/types\/page"}],"author":[{"embeddable":true,"href":"https:\/\/narumiesteticaavanzada.es\/en\/wp-json\/wp\/v2\/users\/1"}],"replies":[{"embeddable":true,"href":"https:\/\/narumiesteticaavanzada.es\/en\/wp-json\/wp\/v2\/comments?post=379"}],"version-history":[{"count":5,"href":"https:\/\/narumiesteticaavanzada.es\/en\/wp-json\/wp\/v2\/pages\/379\/revisions"}],"predecessor-version":[{"id":2585,"href":"https:\/\/narumiesteticaavanzada.es\/en\/wp-json\/wp\/v2\/pages\/379\/revisions\/2585"}],"wp:attachment":[{"href":"https:\/\/narumiesteticaavanzada.es\/en\/wp-json\/wp\/v2\/media?parent=379"}],"curies":[{"name":"wp","href":"https:\/\/api.w.org\/{rel}","templated":true}]}}